{"id":2366,"date":"2015-09-29T09:52:05","date_gmt":"2015-09-29T09:52:05","guid":{"rendered":"http:\/\/www.les-bains-dorient.com\/es\/?page_id=2366"},"modified":"2018-12-10T04:55:49","modified_gmt":"2018-12-10T04:55:49","slug":"productos-de-cuidado","status":"publish","type":"page","link":"https:\/\/www.les-bains-dorient.com\/es\/descubrir\/productos-de-cuidado\/","title":{"rendered":"Productos de cuidado"},"content":{"rendered":"<div class=\"fusion-bg-parallax\" data-bg-align=\"left top\" data-direction=\"down\" data-mute=\"false\" data-opacity=\"100\" data-velocity=\"-0.3\" data-mobile-enabled=\"true\" data-break_parents=\"0\" data-bg-image=\"http:\/\/www.les-bains-dorient.com\/wp-content\/uploads\/2015\/01\/backgrnd.jpg\" data-bg-repeat=\"false\" ><\/div><div class=\"fusion-fullwidth fullwidth-box fusion-builder-row-1 fusion-parallax-down nonhundred-percent-fullwidth non-hundred-percent-height-scrolling lazyload\" style=\"--awb-background-position:left top;--awb-border-radius-top-left:0px;--awb-border-radius-top-right:0px;--awb-border-radius-bottom-right:0px;--awb-border-radius-bottom-left:0px;--awb-padding-top:30px;--awb-padding-bottom:30px;--awb-background-size:cover;--awb-border-sizes-top:0px;--awb-border-sizes-bottom:0px;--awb-flex-wrap:wrap;\" data-bg=\"http:\/\/www.les-bains-dorient.com\/wp-content\/uploads\/2015\/01\/backgrnd.jpg\" ><div class=\"fusion-builder-row fusion-row\"><div class=\"fusion-layout-column fusion_builder_column fusion-builder-column-0 fusion_builder_column_1_1 1_1 fusion-one-full fusion-column-first fusion-column-last fusion-column-no-min-height\" style=\"--awb-bg-size:cover;--awb-margin-bottom:0px;\"><div class=\"fusion-column-wrapper fusion-flex-column-wrapper-legacy\"><div class=\"fusion-sep-clear\"><\/div><div class=\"fusion-separator fusion-full-width-sep\" style=\"margin-left: auto;margin-right: auto;margin-top:35px;margin-bottom:35px;width:100%;\"><\/div><div class=\"fusion-sep-clear\"><\/div><div class=\"fusion-clearfix\"><\/div><\/div><\/div><div class=\"fusion-layout-column fusion_builder_column fusion-builder-column-1 fusion_builder_column_1_3 1_3 fusion-one-third fusion-column-first\" style=\"--awb-bg-size:cover;--awb-margin-top:30px;width:30.6666%; margin-right: 4%;\"><div class=\"fusion-column-wrapper fusion-flex-column-wrapper-legacy\"><div class=\"fusion-image-element fusion-image-align-left in-legacy-container\" style=\"text-align:left;--awb-caption-title-font-family:var(--h2_typography-font-family);--awb-caption-title-font-weight:var(--h2_typography-font-weight);--awb-caption-title-font-style:var(--h2_typography-font-style);--awb-caption-title-size:var(--h2_typography-font-size);--awb-caption-title-transform:var(--h2_typography-text-transform);--awb-caption-title-line-height:var(--h2_typography-line-height);--awb-caption-title-letter-spacing:var(--h2_typography-letter-spacing);\"><span class=\" fusion-imageframe imageframe-glow imageframe-1 hover-type-zoomout\" style=\"-webkit-box-shadow: 0 0 3px rgba(0,0,0,0.3);box-shadow: 0 0 3px rgba(0,0,0,0.3);margin-right:25px;float:left;\"><img decoding=\"async\" width=\"565\" height=\"847\" title=\"26380842_s-min\" src=\"data:image\/svg+xml,%3Csvg%20xmlns%3D%27http%3A%2F%2Fwww.w3.org%2F2000%2Fsvg%27%20width%3D%27565%27%20height%3D%27847%27%20viewBox%3D%270%200%20565%20847%27%3E%3Crect%20width%3D%27565%27%20height%3D%27847%27%20fill-opacity%3D%220%22%2F%3E%3C%2Fsvg%3E\" data-orig-src=\"https:\/\/www.les-bains-dorient.com\/wp-content\/uploads\/2018\/09\/26380842_s-min.jpg\" alt class=\"lazyload img-responsive wp-image-3298\"\/><\/span><\/div><div class=\"fusion-clearfix\"><\/div><\/div><\/div><div class=\"fusion-layout-column fusion_builder_column fusion-builder-column-2 fusion_builder_column_2_3 2_3 fusion-two-third fusion-column-last\" style=\"--awb-bg-size:cover;width:65.3333%;\"><div class=\"fusion-column-wrapper fusion-flex-column-wrapper-legacy\"><div class=\"fusion-title title fusion-title-1 fusion-title-text fusion-title-size-two\" style=\"--awb-margin-top-small:0px;--awb-margin-right-small:0px;--awb-margin-bottom-small:20px;--awb-margin-left-small:0px;--awb-sep-color:#cbaa5c;\"><h2 class=\"fusion-title-heading title-heading-left fusion-responsive-typography-calculated\" style=\"margin:0;--fontSize:33;line-height:1.33;\">Productos de cuidado<\/h2><span class=\"awb-title-spacer\"><\/span><div class=\"title-sep-container\"><div class=\"title-sep sep-single sep-solid\" style=\"border-color:#cbaa5c;\"><\/div><\/div><\/div><div class=\"fusion-text fusion-text-1\"><h4>La mujer marroqu\u00ed siempre ha sabido cuidar su belleza centr\u00e1ndose en productos naturales.<\/h4>\n<h5>Estas recetas de belleza han sido durante mucho tiempo un secreto familiar, un legado, una huella de la cultura marroqu\u00ed. Hoy, para deleite de su piel, estas tradiciones y rituales se comparten generosamente.<\/h5>\n<p>Nuestros productos son el resultado de un equilibrio meticuloso entre la alianza de tradiciones ancestrales y la excelencia de un know-how.<br \/>\nLa variedad de aromas, la cuidadosa selecci\u00f3n de componentes, los ingredientes aut\u00e9nticos de Marruecos, ofrecen una experiencia \u00fanica y delicada.<\/p>\n<p>Nuestros productos se basan en:<\/p>\n<p>-El aceite de arg\u00e1n, obtenido a partir de un cultivo org\u00e1nico controlado, es un aceite rico en \u00e1cidos grasos esenciales omega-6 y vitamina E, que contiene maravillosas propiedades antiedad.<\/p>\n<p>-Manteca de karit\u00e9, utilizada durante siglos para proteger la piel de los fuertes vientos del Sahara. Nutre e hidrata intensamente.<\/p>\n<p>-Aceitunas, el jab\u00f3n beldi negro con aceite de oliva es el primer tratamiento de hammam en Marruecos, utilizado para el exfoliante corporal.<\/p>\n<p>-Las peras espinosas, el aceite contenido en sus semillas tienen propiedades antiarrugas sorprendentes, una peque\u00f1a maravilla que ofrece la naturaleza.<\/p>\n<p>-La rosa, su agua floral tonifica y tonifica la piel. Su fragancia \u00fanica y delicada lo convierte en un ingrediente de noble belleza.<\/p>\n<p>-Flor de azahar, crece en un peque\u00f1o arbusto, el gran maestro, extendido en Marruecos. Su agua floral tiene propiedades calmantes, refrescantes y regeneradoras.<\/p>\n<p>-Ghassoul, una arcilla sapon\u00edfera natural rica en \u00f3xido de hierro y magnesio, extra\u00edda de las monta\u00f1as del desierto de las monta\u00f1as del Atlas en Marruecos. Con detergente, desengrasante y desengrasante, combinado con extractos naturales de romero, lavanda y rosa, es el elemento esencial de los rituales del hammam.<\/p>\n<p>Tambi\u00e9n Aloe Vera, jengibre, d\u00e1tiles, p\u00e9talos de almendras, verbena, s\u00e1ndalo, \u00e1mbar, almizcle, jazm\u00edn y muchos otros ingredientes org\u00e1nicos que son beneficiosos para su bienestar.<\/p>\n<p>Nuestros productos de cuidado 100% naturales seleccionados por su calidad y respeto por el medio ambiente.<br \/>\nDisfrutar\u00e1 de todos sus beneficios durante su cuidado y estar\u00e1n disponibles para la venta en el Spa.<\/p>\n<\/div><div class=\"fusion-clearfix\"><\/div><\/div><\/div><div class=\"fusion-layout-column fusion_builder_column fusion-builder-column-3 fusion_builder_column_1_1 1_1 fusion-one-full fusion-column-first fusion-column-last fusion-column-no-min-height\" style=\"--awb-bg-size:cover;--awb-margin-bottom:0px;\"><div class=\"fusion-column-wrapper fusion-flex-column-wrapper-legacy\"><div class=\"fusion-sep-clear\"><\/div><div class=\"fusion-separator fusion-full-width-sep\" style=\"margin-left: auto;margin-right: auto;margin-top:20px;margin-bottom:20px;width:100%;\"><\/div><div class=\"fusion-sep-clear\"><\/div><div class=\"fusion-clearfix\"><\/div><\/div><\/div><div class=\"fusion-layout-column fusion_builder_column fusion-builder-column-4 fusion_builder_column_1_1 1_1 fusion-one-full fusion-column-first fusion-column-last fusion-column-no-min-height\" style=\"--awb-bg-size:cover;--awb-margin-bottom:0px;\"><div class=\"fusion-column-wrapper fusion-flex-column-wrapper-legacy\"><div class=\"fusion-title title fusion-title-2 fusion-title-text fusion-title-size-two\" style=\"--awb-margin-top-small:0px;--awb-margin-right-small:0px;--awb-margin-bottom-small:20px;--awb-margin-left-small:0px;--awb-sep-color:#cbaa5c;\"><h2 class=\"fusion-title-heading title-heading-left fusion-responsive-typography-calculated\" style=\"margin:0;--fontSize:33;line-height:1.33;\">En Oriente, en nuestros productos de cuidado &#8230;<\/h2><span class=\"awb-title-spacer\"><\/span><div class=\"title-sep-container\"><div class=\"title-sep sep-single sep-solid\" style=\"border-color:#cbaa5c;\"><\/div><\/div><\/div><div class=\"fusion-clearfix\"><\/div><\/div><\/div><div class=\"fusion-layout-column fusion_builder_column fusion-builder-column-5 fusion_builder_column_1_3 1_3 fusion-one-third fusion-column-first\" style=\"--awb-bg-size:cover;width:30.6666%; margin-right: 4%;\"><div class=\"fusion-column-wrapper fusion-flex-column-wrapper-legacy\"><div class=\"fusion-image-element fusion-image-align-center in-legacy-container\" style=\"text-align:center;--awb-caption-title-font-family:var(--h2_typography-font-family);--awb-caption-title-font-weight:var(--h2_typography-font-weight);--awb-caption-title-font-style:var(--h2_typography-font-style);--awb-caption-title-size:var(--h2_typography-font-size);--awb-caption-title-transform:var(--h2_typography-text-transform);--awb-caption-title-line-height:var(--h2_typography-line-height);--awb-caption-title-letter-spacing:var(--h2_typography-letter-spacing);\"><div class=\"imageframe-align-center\"><span class=\" fusion-imageframe imageframe-glow imageframe-2 hover-type-zoomin\" style=\"border:1px solid #f6f6f6;-webkit-box-shadow: 0 0 3px rgba(0,0,0,0.3);box-shadow: 0 0 3px rgba(0,0,0,0.3);\"><img decoding=\"async\" width=\"847\" height=\"565\" title=\"68755188_s-min\" src=\"data:image\/svg+xml,%3Csvg%20xmlns%3D%27http%3A%2F%2Fwww.w3.org%2F2000%2Fsvg%27%20width%3D%27847%27%20height%3D%27565%27%20viewBox%3D%270%200%20847%20565%27%3E%3Crect%20width%3D%27847%27%20height%3D%27565%27%20fill-opacity%3D%220%22%2F%3E%3C%2Fsvg%3E\" data-orig-src=\"https:\/\/www.les-bains-dorient.com\/wp-content\/uploads\/2018\/10\/68755188_s-min.jpg\" alt class=\"lazyload img-responsive wp-image-3310\"\/><\/span><\/div><\/div><div class=\"fusion-clearfix\"><\/div><\/div><\/div><div class=\"fusion-layout-column fusion_builder_column fusion-builder-column-6 fusion_builder_column_1_3 1_3 fusion-one-third\" style=\"--awb-bg-size:cover;width:30.6666%; margin-right: 4%;\"><div class=\"fusion-column-wrapper fusion-flex-column-wrapper-legacy\"><div class=\"fusion-image-element fusion-image-align-center in-legacy-container\" style=\"text-align:center;--awb-caption-title-font-family:var(--h2_typography-font-family);--awb-caption-title-font-weight:var(--h2_typography-font-weight);--awb-caption-title-font-style:var(--h2_typography-font-style);--awb-caption-title-size:var(--h2_typography-font-size);--awb-caption-title-transform:var(--h2_typography-text-transform);--awb-caption-title-line-height:var(--h2_typography-line-height);--awb-caption-title-letter-spacing:var(--h2_typography-letter-spacing);\"><div class=\"imageframe-align-center\"><span class=\" fusion-imageframe imageframe-glow imageframe-3 hover-type-zoomin\" style=\"border:1px solid #f6f6f6;-webkit-box-shadow: 0 0 3px rgba(0,0,0,0.3);box-shadow: 0 0 3px rgba(0,0,0,0.3);\"><img decoding=\"async\" width=\"848\" height=\"565\" title=\"65115791_s-min\" src=\"data:image\/svg+xml,%3Csvg%20xmlns%3D%27http%3A%2F%2Fwww.w3.org%2F2000%2Fsvg%27%20width%3D%27848%27%20height%3D%27565%27%20viewBox%3D%270%200%20848%20565%27%3E%3Crect%20width%3D%27848%27%20height%3D%27565%27%20fill-opacity%3D%220%22%2F%3E%3C%2Fsvg%3E\" data-orig-src=\"https:\/\/www.les-bains-dorient.com\/wp-content\/uploads\/2018\/10\/65115791_s-min.jpg\" alt class=\"lazyload img-responsive wp-image-3306\"\/><\/span><\/div><\/div><div class=\"fusion-clearfix\"><\/div><\/div><\/div><div class=\"fusion-layout-column fusion_builder_column fusion-builder-column-7 fusion_builder_column_1_3 1_3 fusion-one-third fusion-column-last\" style=\"--awb-bg-size:cover;width:30.6666%;\"><div class=\"fusion-column-wrapper fusion-flex-column-wrapper-legacy\"><div class=\"fusion-image-element fusion-image-align-center in-legacy-container\" style=\"text-align:center;--awb-caption-title-font-family:var(--h2_typography-font-family);--awb-caption-title-font-weight:var(--h2_typography-font-weight);--awb-caption-title-font-style:var(--h2_typography-font-style);--awb-caption-title-size:var(--h2_typography-font-size);--awb-caption-title-transform:var(--h2_typography-text-transform);--awb-caption-title-line-height:var(--h2_typography-line-height);--awb-caption-title-letter-spacing:var(--h2_typography-letter-spacing);\"><div class=\"imageframe-align-center\"><span class=\" fusion-imageframe imageframe-glow imageframe-4 hover-type-zoomin\" style=\"border:1px solid #f6f6f6;-webkit-box-shadow: 0 0 3px rgba(0,0,0,0.3);box-shadow: 0 0 3px rgba(0,0,0,0.3);\"><img decoding=\"async\" width=\"848\" height=\"565\" title=\"produits-de-soins-3-min\" src=\"data:image\/svg+xml,%3Csvg%20xmlns%3D%27http%3A%2F%2Fwww.w3.org%2F2000%2Fsvg%27%20width%3D%27848%27%20height%3D%27565%27%20viewBox%3D%270%200%20848%20565%27%3E%3Crect%20width%3D%27848%27%20height%3D%27565%27%20fill-opacity%3D%220%22%2F%3E%3C%2Fsvg%3E\" data-orig-src=\"https:\/\/www.les-bains-dorient.com\/wp-content\/uploads\/2018\/10\/produits-de-soins-3-min.jpg\" alt class=\"lazyload img-responsive wp-image-3319\"\/><\/span><\/div><\/div><div class=\"fusion-clearfix\"><\/div><\/div><\/div><\/div><\/div>\n","protected":false},"excerpt":{"rendered":"","protected":false},"author":1,"featured_media":0,"parent":2344,"menu_order":0,"comment_status":"open","ping_status":"open","template":"100-width.php","meta":{"footnotes":""},"class_list":["post-2366","page","type-page","status-publish","hentry"],"yoast_head":"<!-- This site is optimized with the Yoast SEO plugin v27.4 - https:\/\/yoast.com\/product\/yoast-seo-wordpress\/ -->\n<title>Productos de cuidado - Les Bains D&#039;Orient - Marrakech<\/title>\n<meta name=\"description\" content=\"Descubra nuestros productos de cuidado basados en ingredientes naturales inspirados en recetas de belleza ancestrales ...\" \/>\n<meta name=\"robots\" content=\"index, follow, max-snippet:-1, max-image-preview:large, max-video-preview:-1\" \/>\n<link rel=\"canonical\" href=\"https:\/\/www.les-bains-dorient.com\/es\/descubrir\/productos-de-cuidado\/\" \/>\n<meta property=\"og:locale\" content=\"es_ES\" \/>\n<meta property=\"og:type\" content=\"article\" \/>\n<meta property=\"og:title\" content=\"Productos de cuidado - Les Bains D&#039;Orient - Marrakech\" \/>\n<meta property=\"og:description\" content=\"Descubra nuestros productos de cuidado basados en ingredientes naturales inspirados en recetas de belleza ancestrales ...\" \/>\n<meta property=\"og:url\" content=\"https:\/\/www.les-bains-dorient.com\/es\/descubrir\/productos-de-cuidado\/\" \/>\n<meta property=\"og:site_name\" content=\"Les Bains D&#039;Orient - Marrakech\" \/>\n<meta property=\"article:modified_time\" content=\"2018-12-10T04:55:49+00:00\" \/>\n<meta name=\"twitter:card\" content=\"summary_large_image\" \/>\n<meta name=\"twitter:label1\" content=\"Tiempo de lectura\" \/>\n\t<meta name=\"twitter:data1\" content=\"7 minutos\" \/>\n<script type=\"application\/ld+json\" class=\"yoast-schema-graph\">{\"@context\":\"https:\\\/\\\/schema.org\",\"@graph\":[{\"@type\":\"WebPage\",\"@id\":\"https:\\\/\\\/www.les-bains-dorient.com\\\/es\\\/descubrir\\\/productos-de-cuidado\\\/\",\"url\":\"https:\\\/\\\/www.les-bains-dorient.com\\\/es\\\/descubrir\\\/productos-de-cuidado\\\/\",\"name\":\"Productos de cuidado - Les Bains D'Orient - Marrakech\",\"isPartOf\":{\"@id\":\"https:\\\/\\\/www.les-bains-dorient.com\\\/#website\"},\"datePublished\":\"2015-09-29T09:52:05+00:00\",\"dateModified\":\"2018-12-10T04:55:49+00:00\",\"description\":\"Descubra nuestros productos de cuidado basados en ingredientes naturales inspirados en recetas de belleza ancestrales ...\",\"breadcrumb\":{\"@id\":\"https:\\\/\\\/www.les-bains-dorient.com\\\/es\\\/descubrir\\\/productos-de-cuidado\\\/#breadcrumb\"},\"inLanguage\":\"es\",\"potentialAction\":[{\"@type\":\"ReadAction\",\"target\":[\"https:\\\/\\\/www.les-bains-dorient.com\\\/es\\\/descubrir\\\/productos-de-cuidado\\\/\"]}]},{\"@type\":\"BreadcrumbList\",\"@id\":\"https:\\\/\\\/www.les-bains-dorient.com\\\/es\\\/descubrir\\\/productos-de-cuidado\\\/#breadcrumb\",\"itemListElement\":[{\"@type\":\"ListItem\",\"position\":1,\"name\":\"Home\",\"item\":\"https:\\\/\\\/www.les-bains-dorient.com\\\/es\\\/\"},{\"@type\":\"ListItem\",\"position\":2,\"name\":\"Descubrir\",\"item\":\"https:\\\/\\\/www.les-bains-dorient.com\\\/es\\\/descubrir\\\/\"},{\"@type\":\"ListItem\",\"position\":3,\"name\":\"Productos de cuidado\"}]},{\"@type\":\"WebSite\",\"@id\":\"https:\\\/\\\/www.les-bains-dorient.com\\\/#website\",\"url\":\"https:\\\/\\\/www.les-bains-dorient.com\\\/\",\"name\":\"Les Bains D&#039;Orient - Marrakech\",\"description\":\"Just another WordPress site\",\"publisher\":{\"@id\":\"https:\\\/\\\/www.les-bains-dorient.com\\\/#organization\"},\"potentialAction\":[{\"@type\":\"SearchAction\",\"target\":{\"@type\":\"EntryPoint\",\"urlTemplate\":\"https:\\\/\\\/www.les-bains-dorient.com\\\/?s={search_term_string}\"},\"query-input\":{\"@type\":\"PropertyValueSpecification\",\"valueRequired\":true,\"valueName\":\"search_term_string\"}}],\"inLanguage\":\"es\"},{\"@type\":\"Organization\",\"@id\":\"https:\\\/\\\/www.les-bains-dorient.com\\\/#organization\",\"name\":\"Les Bains D&#039;Orient - Marrakech\",\"url\":\"https:\\\/\\\/www.les-bains-dorient.com\\\/\",\"logo\":{\"@type\":\"ImageObject\",\"inLanguage\":\"es\",\"@id\":\"https:\\\/\\\/www.les-bains-dorient.com\\\/#\\\/schema\\\/logo\\\/image\\\/\",\"url\":\"https:\\\/\\\/www.les-bains-dorient.com\\\/wp-content\\\/uploads\\\/2015\\\/08\\\/lbd.png\",\"contentUrl\":\"https:\\\/\\\/www.les-bains-dorient.com\\\/wp-content\\\/uploads\\\/2015\\\/08\\\/lbd.png\",\"width\":229,\"height\":241,\"caption\":\"Les Bains D&#039;Orient - Marrakech\"},\"image\":{\"@id\":\"https:\\\/\\\/www.les-bains-dorient.com\\\/#\\\/schema\\\/logo\\\/image\\\/\"}}]}<\/script>\n<!-- \/ Yoast SEO plugin. -->","yoast_head_json":{"title":"Productos de cuidado - Les Bains D'Orient - Marrakech","description":"Descubra nuestros productos de cuidado basados en ingredientes naturales inspirados en recetas de belleza ancestrales ...","robots":{"index":"index","follow":"follow","max-snippet":"max-snippet:-1","max-image-preview":"max-image-preview:large","max-video-preview":"max-video-preview:-1"},"canonical":"https:\/\/www.les-bains-dorient.com\/es\/descubrir\/productos-de-cuidado\/","og_locale":"es_ES","og_type":"article","og_title":"Productos de cuidado - Les Bains D'Orient - Marrakech","og_description":"Descubra nuestros productos de cuidado basados en ingredientes naturales inspirados en recetas de belleza ancestrales ...","og_url":"https:\/\/www.les-bains-dorient.com\/es\/descubrir\/productos-de-cuidado\/","og_site_name":"Les Bains D&#039;Orient - Marrakech","article_modified_time":"2018-12-10T04:55:49+00:00","twitter_card":"summary_large_image","twitter_misc":{"Tiempo de lectura":"7 minutos"},"schema":{"@context":"https:\/\/schema.org","@graph":[{"@type":"WebPage","@id":"https:\/\/www.les-bains-dorient.com\/es\/descubrir\/productos-de-cuidado\/","url":"https:\/\/www.les-bains-dorient.com\/es\/descubrir\/productos-de-cuidado\/","name":"Productos de cuidado - Les Bains D'Orient - Marrakech","isPartOf":{"@id":"https:\/\/www.les-bains-dorient.com\/#website"},"datePublished":"2015-09-29T09:52:05+00:00","dateModified":"2018-12-10T04:55:49+00:00","description":"Descubra nuestros productos de cuidado basados en ingredientes naturales inspirados en recetas de belleza ancestrales ...","breadcrumb":{"@id":"https:\/\/www.les-bains-dorient.com\/es\/descubrir\/productos-de-cuidado\/#breadcrumb"},"inLanguage":"es","potentialAction":[{"@type":"ReadAction","target":["https:\/\/www.les-bains-dorient.com\/es\/descubrir\/productos-de-cuidado\/"]}]},{"@type":"BreadcrumbList","@id":"https:\/\/www.les-bains-dorient.com\/es\/descubrir\/productos-de-cuidado\/#breadcrumb","itemListElement":[{"@type":"ListItem","position":1,"name":"Home","item":"https:\/\/www.les-bains-dorient.com\/es\/"},{"@type":"ListItem","position":2,"name":"Descubrir","item":"https:\/\/www.les-bains-dorient.com\/es\/descubrir\/"},{"@type":"ListItem","position":3,"name":"Productos de cuidado"}]},{"@type":"WebSite","@id":"https:\/\/www.les-bains-dorient.com\/#website","url":"https:\/\/www.les-bains-dorient.com\/","name":"Les Bains D&#039;Orient - Marrakech","description":"Just another WordPress site","publisher":{"@id":"https:\/\/www.les-bains-dorient.com\/#organization"},"potentialAction":[{"@type":"SearchAction","target":{"@type":"EntryPoint","urlTemplate":"https:\/\/www.les-bains-dorient.com\/?s={search_term_string}"},"query-input":{"@type":"PropertyValueSpecification","valueRequired":true,"valueName":"search_term_string"}}],"inLanguage":"es"},{"@type":"Organization","@id":"https:\/\/www.les-bains-dorient.com\/#organization","name":"Les Bains D&#039;Orient - Marrakech","url":"https:\/\/www.les-bains-dorient.com\/","logo":{"@type":"ImageObject","inLanguage":"es","@id":"https:\/\/www.les-bains-dorient.com\/#\/schema\/logo\/image\/","url":"https:\/\/www.les-bains-dorient.com\/wp-content\/uploads\/2015\/08\/lbd.png","contentUrl":"https:\/\/www.les-bains-dorient.com\/wp-content\/uploads\/2015\/08\/lbd.png","width":229,"height":241,"caption":"Les Bains D&#039;Orient - Marrakech"},"image":{"@id":"https:\/\/www.les-bains-dorient.com\/#\/schema\/logo\/image\/"}}]}},"_links":{"self":[{"href":"https:\/\/www.les-bains-dorient.com\/es\/wp-json\/wp\/v2\/pages\/2366","targetHints":{"allow":["GET"]}}],"collection":[{"href":"https:\/\/www.les-bains-dorient.com\/es\/wp-json\/wp\/v2\/pages"}],"about":[{"href":"https:\/\/www.les-bains-dorient.com\/es\/wp-json\/wp\/v2\/types\/page"}],"author":[{"embeddable":true,"href":"https:\/\/www.les-bains-dorient.com\/es\/wp-json\/wp\/v2\/users\/1"}],"replies":[{"embeddable":true,"href":"https:\/\/www.les-bains-dorient.com\/es\/wp-json\/wp\/v2\/comments?post=2366"}],"version-history":[{"count":1,"href":"https:\/\/www.les-bains-dorient.com\/es\/wp-json\/wp\/v2\/pages\/2366\/revisions"}],"predecessor-version":[{"id":3386,"href":"https:\/\/www.les-bains-dorient.com\/es\/wp-json\/wp\/v2\/pages\/2366\/revisions\/3386"}],"up":[{"embeddable":true,"href":"https:\/\/www.les-bains-dorient.com\/es\/wp-json\/wp\/v2\/pages\/2344"}],"wp:attachment":[{"href":"https:\/\/www.les-bains-dorient.com\/es\/wp-json\/wp\/v2\/media?parent=2366"}],"curies":[{"name":"wp","href":"https:\/\/api.w.org\/{rel}","templated":true}]}}