{"id":2340,"date":"2015-09-29T08:45:29","date_gmt":"2015-09-29T08:45:29","guid":{"rendered":"http:\/\/www.les-bains-dorient.com\/es\/?page_id=2340"},"modified":"2018-03-16T09:26:53","modified_gmt":"2018-03-16T09:26:53","slug":"bienvenida","status":"publish","type":"page","link":"https:\/\/www.les-bains-dorient.com\/es\/","title":{"rendered":"Bienvenida"},"content":{"rendered":"<div class=\"fusion-bg-parallax\" data-bg-align=\"left top\" data-direction=\"down\" data-mute=\"false\" data-opacity=\"100\" data-velocity=\"-0.3\" data-mobile-enabled=\"true\" data-break_parents=\"0\" data-bg-image=\"http:\/\/www.les-bains-dorient.com\/wp-content\/uploads\/2015\/01\/backgrnd.jpg\" data-bg-repeat=\"false\" ><\/div><div class=\"fusion-fullwidth fullwidth-box fusion-builder-row-1 fusion-parallax-down nonhundred-percent-fullwidth non-hundred-percent-height-scrolling fusion-equal-height-columns lazyload\" style=\"--awb-background-position:left top;--awb-border-radius-top-left:0px;--awb-border-radius-top-right:0px;--awb-border-radius-bottom-right:0px;--awb-border-radius-bottom-left:0px;--awb-padding-top:30px;--awb-padding-bottom:30px;--awb-background-size:cover;--awb-border-sizes-top:0px;--awb-border-sizes-bottom:0px;--awb-flex-wrap:wrap;\" data-bg=\"http:\/\/www.les-bains-dorient.com\/wp-content\/uploads\/2015\/01\/backgrnd.jpg\" ><div class=\"fusion-builder-row fusion-row\"><div class=\"fusion-layout-column fusion_builder_column fusion-builder-column-0 fusion_builder_column_2_3 2_3 fusion-two-third fusion-column-first\" style=\"--awb-bg-size:cover;--awb-margin-bottom:0px;width:65.3333%; margin-right: 4%;\"><div class=\"fusion-column-wrapper fusion-flex-column-wrapper-legacy\"><div class=\"fusion-text fusion-text-1\"><h2>Bienvenido a Bains d&#8217;Orient &#8211; Marrakech<\/h2>\n<\/div><div class=\"fusion-sep-clear\"><\/div><div class=\"fusion-separator fusion-clearfix\" style=\"float:left;margin-top:0px;margin-bottom:20px;width:100%;max-width:50px;\"><div class=\"fusion-separator-border sep-single sep-solid\" style=\"--awb-height:20px;--awb-amount:20px;--awb-sep-color:#cbaa5c;border-color:#cbaa5c;border-top-width:1px;\"><\/div><\/div><div class=\"fusion-sep-clear\"><\/div><div class=\"fusion-text fusion-text-2\"><div class=\"page\" title=\"Page 1\">\n<div class=\"section\">\n<div class=\"layoutArea\">\n<div class=\"column\">\n<p style=\"text-align: justify;\">Esc\u00e1pese de la emoci\u00f3n exterior mientras se desliza en un mundo de relajaci\u00f3n.<br \/>\nEn la entrada de la medina de Marrakech, entre Dar El Bacha y Bab Doukkala, Les Bains D&#8217;Orient le dan la bienvenida en un riad, espacio dedicado al bienestar.<br \/>\nUna verdadera joya de belleza que despierta los sentidos &#8230;<br \/>\nUna decoraci\u00f3n oriental elegante y refinada, una maravillosa gama de rituales de ba\u00f1os, masajes, el encuentro de las tradiciones ancestrales de Marruecos y la cosm\u00e9tica tradicional marroqu\u00ed.<br \/>\nVive una experiencia donde el tiempo y el espacio adquieren una nueva dimensi\u00f3n &#8230;<\/p>\n<\/div>\n<\/div>\n<\/div>\n<\/div>\n<\/div><div class=\"fusion-sep-clear\"><\/div><div class=\"fusion-separator fusion-full-width-sep\" style=\"margin-left: auto;margin-right: auto;margin-top:10px;margin-bottom:10px;width:100%;\"><\/div><div class=\"fusion-sep-clear\"><\/div><div class=\"fusion-button-wrapper fusion-alignleft\"><a class=\"fusion-button button-flat button-xlarge button-default fusion-button-default button-1 fusion-button-default-span fusion-button-default-type fusion-animated\" data-animationType=\"zoomInLeft\" data-animationDuration=\"1.0\" data-animationOffset=\"top-into-view\" target=\"_self\" title=\"Menu del Spa\" aria-label=\"Menu del Spa\" href=\"http:\/\/www.les-bains-dorient.com\/es\/menu-del-spa\/\"><span class=\"fusion-button-text awb-button__text awb-button__text--default fusion-button-text-right\">Ver el men\u00fa del spa<\/span><span class=\"fusion-button-icon-divider button-icon-divider-right\"><i class=\" fa fa-play awb-button__icon awb-button__icon--default\" aria-hidden=\"true\"><\/i><\/span><\/a><\/div><div class=\"fusion-clearfix\"><\/div><\/div><\/div><div class=\"fusion-layout-column fusion_builder_column fusion-builder-column-1 fusion_builder_column_1_3 1_3 fusion-one-third fusion-column-last\" style=\"--awb-bg-size:cover;--awb-margin-bottom:0px;width:30.6666%;\"><div class=\"fusion-column-wrapper fusion-flex-column-wrapper-legacy\"><div class=\"fusion-image-element in-legacy-container\" style=\"--awb-caption-title-font-family:var(--h2_typography-font-family);--awb-caption-title-font-weight:var(--h2_typography-font-weight);--awb-caption-title-font-style:var(--h2_typography-font-style);--awb-caption-title-size:var(--h2_typography-font-size);--awb-caption-title-transform:var(--h2_typography-text-transform);--awb-caption-title-line-height:var(--h2_typography-line-height);--awb-caption-title-letter-spacing:var(--h2_typography-letter-spacing);\"><span class=\" fusion-imageframe imageframe-glow imageframe-1 hover-type-zoomout\" style=\"border:5px solid #494949;-webkit-box-shadow: 0 0 3px rgba(0,0,0,0.3);box-shadow: 0 0 3px rgba(0,0,0,0.3);\"><img decoding=\"async\" width=\"812\" height=\"826\" title=\"spa\" src=\"data:image\/svg+xml,%3Csvg%20xmlns%3D%27http%3A%2F%2Fwww.w3.org%2F2000%2Fsvg%27%20width%3D%27812%27%20height%3D%27826%27%20viewBox%3D%270%200%20812%20826%27%3E%3Crect%20width%3D%27812%27%20height%3D%27826%27%20fill-opacity%3D%220%22%2F%3E%3C%2Fsvg%3E\" data-orig-src=\"https:\/\/www.les-bains-dorient.com\/wp-content\/uploads\/2015\/01\/spa1.jpg\" alt class=\"lazyload img-responsive wp-image-2877\"\/><\/span><\/div><div class=\"fusion-sep-clear\"><\/div><div class=\"fusion-separator fusion-full-width-sep\" style=\"margin-left: auto;margin-right: auto;margin-top:10px;margin-bottom:10px;width:100%;\"><\/div><div class=\"fusion-sep-clear\"><\/div><div class=\"fusion-text fusion-text-3\"><p style=\"text-align: center;\"><a href=\"http:\/\/www.tripadvisor.fr\/Attraction_Review-g293734-d8647023-Reviews-Les_Bains_d_Orient-Marrakech_Marrakech_Tensift_El_Haouz_Region.html\" target=\"_blank\" rel=\"noopener\"><img decoding=\"async\" class=\"lazyload aligncenter size-full wp-image-2280\" src=\"data:image\/svg+xml,%3Csvg%20xmlns%3D%27http%3A%2F%2Fwww.w3.org%2F2000%2Fsvg%27%20width%3D%27192%27%20height%3D%2754%27%20viewBox%3D%270%200%20192%2054%27%3E%3Crect%20width%3D%27192%27%20height%3D%2754%27%20fill-opacity%3D%220%22%2F%3E%3C%2Fsvg%3E\" data-orig-src=\"https:\/\/www.les-bains-dorient.com\/wp-content\/uploads\/2015\/01\/tripadvisor-cr.png\" alt=\"tripadvisor-cr\" width=\"192\" height=\"54\" \/><\/a><\/p>\n<\/div><div class=\"fusion-clearfix\"><\/div><\/div><\/div><\/div><\/div>\n","protected":false},"excerpt":{"rendered":"","protected":false},"author":1,"featured_media":0,"parent":0,"menu_order":0,"comment_status":"open","ping_status":"open","template":"100-width.php","meta":{"footnotes":""},"class_list":["post-2340","page","type-page","status-publish","hentry"],"yoast_head":"<!-- This site is optimized with the Yoast SEO plugin v27.4 - https:\/\/yoast.com\/product\/yoast-seo-wordpress\/ -->\n<title>Bienvenida - Les Bains D&#039;Orient - Marrakech<\/title>\n<meta name=\"robots\" content=\"index, follow, max-snippet:-1, max-image-preview:large, max-video-preview:-1\" \/>\n<link rel=\"canonical\" href=\"https:\/\/www.les-bains-dorient.com\/es\/\" \/>\n<meta property=\"og:locale\" content=\"es_ES\" \/>\n<meta property=\"og:type\" content=\"article\" \/>\n<meta property=\"og:title\" content=\"Bienvenida - Les Bains D&#039;Orient - Marrakech\" \/>\n<meta property=\"og:url\" content=\"https:\/\/www.les-bains-dorient.com\/es\/\" \/>\n<meta property=\"og:site_name\" content=\"Les Bains D&#039;Orient - Marrakech\" \/>\n<meta property=\"article:modified_time\" content=\"2018-03-16T09:26:53+00:00\" \/>\n<meta property=\"og:image\" content=\"http:\/\/les-bains-dorient.com\/wp-content\/uploads\/2015\/01\/spa1.jpg\" \/>\n<meta name=\"twitter:card\" content=\"summary_large_image\" \/>\n<meta name=\"twitter:label1\" content=\"Tiempo de lectura\" \/>\n\t<meta name=\"twitter:data1\" content=\"3 minutos\" \/>\n<script type=\"application\/ld+json\" class=\"yoast-schema-graph\">{\"@context\":\"https:\\\/\\\/schema.org\",\"@graph\":[{\"@type\":\"WebPage\",\"@id\":\"https:\\\/\\\/www.les-bains-dorient.com\\\/es\\\/\",\"url\":\"https:\\\/\\\/www.les-bains-dorient.com\\\/es\\\/\",\"name\":\"Bienvenida - Les Bains D&#039;Orient - Marrakech\",\"isPartOf\":{\"@id\":\"https:\\\/\\\/www.les-bains-dorient.com\\\/#website\"},\"primaryImageOfPage\":{\"@id\":\"https:\\\/\\\/www.les-bains-dorient.com\\\/es\\\/#primaryimage\"},\"image\":{\"@id\":\"https:\\\/\\\/www.les-bains-dorient.com\\\/es\\\/#primaryimage\"},\"thumbnailUrl\":\"https:\\\/\\\/www.les-bains-dorient.com\\\/wp-content\\\/uploads\\\/2015\\\/01\\\/spa1.jpg\",\"datePublished\":\"2015-09-29T08:45:29+00:00\",\"dateModified\":\"2018-03-16T09:26:53+00:00\",\"breadcrumb\":{\"@id\":\"https:\\\/\\\/www.les-bains-dorient.com\\\/es\\\/#breadcrumb\"},\"inLanguage\":\"es\",\"potentialAction\":[{\"@type\":\"ReadAction\",\"target\":[\"https:\\\/\\\/www.les-bains-dorient.com\\\/es\\\/\"]}]},{\"@type\":\"ImageObject\",\"inLanguage\":\"es\",\"@id\":\"https:\\\/\\\/www.les-bains-dorient.com\\\/es\\\/#primaryimage\",\"url\":\"https:\\\/\\\/www.les-bains-dorient.com\\\/wp-content\\\/uploads\\\/2015\\\/01\\\/spa1.jpg\",\"contentUrl\":\"https:\\\/\\\/www.les-bains-dorient.com\\\/wp-content\\\/uploads\\\/2015\\\/01\\\/spa1.jpg\"},{\"@type\":\"BreadcrumbList\",\"@id\":\"https:\\\/\\\/www.les-bains-dorient.com\\\/es\\\/#breadcrumb\",\"itemListElement\":[{\"@type\":\"ListItem\",\"position\":1,\"name\":\"Home\",\"item\":\"https:\\\/\\\/www.les-bains-dorient.com\\\/es\\\/\"},{\"@type\":\"ListItem\",\"position\":2,\"name\":\"Bienvenida\"}]},{\"@type\":\"WebSite\",\"@id\":\"https:\\\/\\\/www.les-bains-dorient.com\\\/#website\",\"url\":\"https:\\\/\\\/www.les-bains-dorient.com\\\/\",\"name\":\"Les Bains D&#039;Orient - Marrakech\",\"description\":\"Just another WordPress site\",\"publisher\":{\"@id\":\"https:\\\/\\\/www.les-bains-dorient.com\\\/#organization\"},\"potentialAction\":[{\"@type\":\"SearchAction\",\"target\":{\"@type\":\"EntryPoint\",\"urlTemplate\":\"https:\\\/\\\/www.les-bains-dorient.com\\\/?s={search_term_string}\"},\"query-input\":{\"@type\":\"PropertyValueSpecification\",\"valueRequired\":true,\"valueName\":\"search_term_string\"}}],\"inLanguage\":\"es\"},{\"@type\":\"Organization\",\"@id\":\"https:\\\/\\\/www.les-bains-dorient.com\\\/#organization\",\"name\":\"Les Bains D&#039;Orient - Marrakech\",\"url\":\"https:\\\/\\\/www.les-bains-dorient.com\\\/\",\"logo\":{\"@type\":\"ImageObject\",\"inLanguage\":\"es\",\"@id\":\"https:\\\/\\\/www.les-bains-dorient.com\\\/#\\\/schema\\\/logo\\\/image\\\/\",\"url\":\"https:\\\/\\\/www.les-bains-dorient.com\\\/wp-content\\\/uploads\\\/2015\\\/08\\\/lbd.png\",\"contentUrl\":\"https:\\\/\\\/www.les-bains-dorient.com\\\/wp-content\\\/uploads\\\/2015\\\/08\\\/lbd.png\",\"width\":229,\"height\":241,\"caption\":\"Les Bains D&#039;Orient - Marrakech\"},\"image\":{\"@id\":\"https:\\\/\\\/www.les-bains-dorient.com\\\/#\\\/schema\\\/logo\\\/image\\\/\"}}]}<\/script>\n<!-- \/ Yoast SEO plugin. -->","yoast_head_json":{"title":"Bienvenida - Les Bains D&#039;Orient - Marrakech","robots":{"index":"index","follow":"follow","max-snippet":"max-snippet:-1","max-image-preview":"max-image-preview:large","max-video-preview":"max-video-preview:-1"},"canonical":"https:\/\/www.les-bains-dorient.com\/es\/","og_locale":"es_ES","og_type":"article","og_title":"Bienvenida - Les Bains D&#039;Orient - Marrakech","og_url":"https:\/\/www.les-bains-dorient.com\/es\/","og_site_name":"Les Bains D&#039;Orient - Marrakech","article_modified_time":"2018-03-16T09:26:53+00:00","og_image":[{"url":"http:\/\/les-bains-dorient.com\/wp-content\/uploads\/2015\/01\/spa1.jpg","type":"","width":"","height":""}],"twitter_card":"summary_large_image","twitter_misc":{"Tiempo de lectura":"3 minutos"},"schema":{"@context":"https:\/\/schema.org","@graph":[{"@type":"WebPage","@id":"https:\/\/www.les-bains-dorient.com\/es\/","url":"https:\/\/www.les-bains-dorient.com\/es\/","name":"Bienvenida - Les Bains D&#039;Orient - Marrakech","isPartOf":{"@id":"https:\/\/www.les-bains-dorient.com\/#website"},"primaryImageOfPage":{"@id":"https:\/\/www.les-bains-dorient.com\/es\/#primaryimage"},"image":{"@id":"https:\/\/www.les-bains-dorient.com\/es\/#primaryimage"},"thumbnailUrl":"https:\/\/www.les-bains-dorient.com\/wp-content\/uploads\/2015\/01\/spa1.jpg","datePublished":"2015-09-29T08:45:29+00:00","dateModified":"2018-03-16T09:26:53+00:00","breadcrumb":{"@id":"https:\/\/www.les-bains-dorient.com\/es\/#breadcrumb"},"inLanguage":"es","potentialAction":[{"@type":"ReadAction","target":["https:\/\/www.les-bains-dorient.com\/es\/"]}]},{"@type":"ImageObject","inLanguage":"es","@id":"https:\/\/www.les-bains-dorient.com\/es\/#primaryimage","url":"https:\/\/www.les-bains-dorient.com\/wp-content\/uploads\/2015\/01\/spa1.jpg","contentUrl":"https:\/\/www.les-bains-dorient.com\/wp-content\/uploads\/2015\/01\/spa1.jpg"},{"@type":"BreadcrumbList","@id":"https:\/\/www.les-bains-dorient.com\/es\/#breadcrumb","itemListElement":[{"@type":"ListItem","position":1,"name":"Home","item":"https:\/\/www.les-bains-dorient.com\/es\/"},{"@type":"ListItem","position":2,"name":"Bienvenida"}]},{"@type":"WebSite","@id":"https:\/\/www.les-bains-dorient.com\/#website","url":"https:\/\/www.les-bains-dorient.com\/","name":"Les Bains D&#039;Orient - Marrakech","description":"Just another WordPress site","publisher":{"@id":"https:\/\/www.les-bains-dorient.com\/#organization"},"potentialAction":[{"@type":"SearchAction","target":{"@type":"EntryPoint","urlTemplate":"https:\/\/www.les-bains-dorient.com\/?s={search_term_string}"},"query-input":{"@type":"PropertyValueSpecification","valueRequired":true,"valueName":"search_term_string"}}],"inLanguage":"es"},{"@type":"Organization","@id":"https:\/\/www.les-bains-dorient.com\/#organization","name":"Les Bains D&#039;Orient - Marrakech","url":"https:\/\/www.les-bains-dorient.com\/","logo":{"@type":"ImageObject","inLanguage":"es","@id":"https:\/\/www.les-bains-dorient.com\/#\/schema\/logo\/image\/","url":"https:\/\/www.les-bains-dorient.com\/wp-content\/uploads\/2015\/08\/lbd.png","contentUrl":"https:\/\/www.les-bains-dorient.com\/wp-content\/uploads\/2015\/08\/lbd.png","width":229,"height":241,"caption":"Les Bains D&#039;Orient - Marrakech"},"image":{"@id":"https:\/\/www.les-bains-dorient.com\/#\/schema\/logo\/image\/"}}]}},"_links":{"self":[{"href":"https:\/\/www.les-bains-dorient.com\/es\/wp-json\/wp\/v2\/pages\/2340","targetHints":{"allow":["GET"]}}],"collection":[{"href":"https:\/\/www.les-bains-dorient.com\/es\/wp-json\/wp\/v2\/pages"}],"about":[{"href":"https:\/\/www.les-bains-dorient.com\/es\/wp-json\/wp\/v2\/types\/page"}],"author":[{"embeddable":true,"href":"https:\/\/www.les-bains-dorient.com\/es\/wp-json\/wp\/v2\/users\/1"}],"replies":[{"embeddable":true,"href":"https:\/\/www.les-bains-dorient.com\/es\/wp-json\/wp\/v2\/comments?post=2340"}],"version-history":[{"count":1,"href":"https:\/\/www.les-bains-dorient.com\/es\/wp-json\/wp\/v2\/pages\/2340\/revisions"}],"predecessor-version":[{"id":3229,"href":"https:\/\/www.les-bains-dorient.com\/es\/wp-json\/wp\/v2\/pages\/2340\/revisions\/3229"}],"wp:attachment":[{"href":"https:\/\/www.les-bains-dorient.com\/es\/wp-json\/wp\/v2\/media?parent=2340"}],"curies":[{"name":"wp","href":"https:\/\/api.w.org\/{rel}","templated":true}]}}